{"id":1339,"date":"2023-03-21T13:45:50","date_gmt":"2023-03-21T12:45:50","guid":{"rendered":"https:\/\/preprod.ekovore.com\/legal-notices\/"},"modified":"2023-04-07T16:29:45","modified_gmt":"2023-04-07T14:29:45","slug":"legal-notices","status":"publish","type":"page","link":"https:\/\/preprod.ekovore.com\/en\/legal-notices\/","title":{"rendered":"Legal notices"},"content":{"rendered":"\n<p><strong>Soci\u00e9t\u00e9<\/strong><\/p>\n\n<p>Forme juridique : SARL FALTAZI<br\/>Adresse : 19, rue Sanlecque 44000 Nantes \u2013 FRANCE<br\/>Capital : 8000\u20ac<br\/>Siren : 433162930<br\/>TVA Intracommunautaire : FR75 433162930<br\/>T\u00e9l\u00e9phone : +33(0)2 40 89 27 88<br\/><br\/>EKOVORE est une marque de la soci\u00e9t\u00e9 <a href=\"https:\/\/www.faltazi.com\">FALTAZI<\/a><\/p>\n\n<p><strong>H\u00e9bergeur<\/strong><br\/><br\/>Forme juridique : OVH SAS<br\/>Adresse : 2, rue Kellermann &#8211; 59100 Roubaix<br\/>T\u00e9l\u00e9phone : +33 9 72 10 01 11<\/p>\n","protected":false},"excerpt":{"rendered":"<p>Soci\u00e9t\u00e9 Forme juridique : SARL FALTAZIAdresse : 19, rue Sanlecque 44000 Nantes \u2013 FRANCECapital : 8000\u20acSiren : 433162930TVA Intracommunautaire : FR75 433162930T\u00e9l\u00e9phone : +33(0)2 40 89 27 88 EKOVORE est une marque de la soci\u00e9t\u00e9 FALTAZI H\u00e9bergeur Forme juridique : OVH SASAdresse : 2, rue Kellermann &#8211; 59100 RoubaixT\u00e9l\u00e9phone : +33 9 72 10 01 [&hellip;]<\/p>\n","protected":false},"author":1,"featured_media":0,"parent":0,"menu_order":0,"comment_status":"closed","ping_status":"closed","template":"","meta":{"_eb_attr":""},"yoast_head":"<!-- This site is optimized with the Yoast SEO plugin v20.4 - https:\/\/yoast.com\/wordpress\/plugins\/seo\/ -->\n<title>Legal notices - Ekovore<\/title>\n<meta name=\"robots\" content=\"noindex, follow, max-snippet:-1, max-image-preview:large, max-video-preview:-1\" \/>\n<meta property=\"og:locale\" content=\"en_US\" \/>\n<meta property=\"og:type\" content=\"article\" \/>\n<meta property=\"og:title\" content=\"Legal notices - Ekovore\" \/>\n<meta property=\"og:description\" content=\"Soci\u00e9t\u00e9 Forme juridique : SARL FALTAZIAdresse : 19, rue Sanlecque 44000 Nantes \u2013 FRANCECapital : 8000\u20acSiren : 433162930TVA Intracommunautaire : FR75 433162930T\u00e9l\u00e9phone : +33(0)2 40 89 27 88 EKOVORE est une marque de la soci\u00e9t\u00e9 FALTAZI H\u00e9bergeur Forme juridique : OVH SASAdresse : 2, rue Kellermann &#8211; 59100 RoubaixT\u00e9l\u00e9phone : +33 9 72 10 01 [&hellip;]\" \/>\n<meta property=\"og:url\" content=\"https:\/\/preprod.ekovore.com\/en\/legal-notices\/\" \/>\n<meta property=\"og:site_name\" content=\"Ekovore\" \/>\n<meta property=\"article:modified_time\" content=\"2023-04-07T14:29:45+00:00\" \/>\n<meta name=\"twitter:card\" content=\"summary_large_image\" \/>\n<meta name=\"twitter:label1\" content=\"Est. reading time\" \/>\n\t<meta name=\"twitter:data1\" content=\"1 minute\" \/>\n<script type=\"application\/ld+json\" class=\"yoast-schema-graph\">{\"@context\":\"https:\/\/schema.org\",\"@graph\":[{\"@type\":\"WebPage\",\"@id\":\"https:\/\/preprod.ekovore.com\/en\/legal-notices\/\",\"url\":\"https:\/\/preprod.ekovore.com\/en\/legal-notices\/\",\"name\":\"Legal notices - Ekovore\",\"isPartOf\":{\"@id\":\"https:\/\/preprod.ekovore.com\/#website\"},\"datePublished\":\"2023-03-21T12:45:50+00:00\",\"dateModified\":\"2023-04-07T14:29:45+00:00\",\"breadcrumb\":{\"@id\":\"https:\/\/preprod.ekovore.com\/en\/legal-notices\/#breadcrumb\"},\"inLanguage\":\"en-US\",\"potentialAction\":[{\"@type\":\"ReadAction\",\"target\":[\"https:\/\/preprod.ekovore.com\/en\/legal-notices\/\"]}]},{\"@type\":\"BreadcrumbList\",\"@id\":\"https:\/\/preprod.ekovore.com\/en\/legal-notices\/#breadcrumb\",\"itemListElement\":[{\"@type\":\"ListItem\",\"position\":1,\"name\":\"Home\",\"item\":\"https:\/\/preprod.ekovore.com\/en\/\"},{\"@type\":\"ListItem\",\"position\":2,\"name\":\"Legal notices\"}]},{\"@type\":\"WebSite\",\"@id\":\"https:\/\/preprod.ekovore.com\/#website\",\"url\":\"https:\/\/preprod.ekovore.com\/\",\"name\":\"Ekovore\",\"description\":\"Les outils de la transition \u00e9cologique\",\"publisher\":{\"@id\":\"https:\/\/preprod.ekovore.com\/#organization\"},\"potentialAction\":[{\"@type\":\"SearchAction\",\"target\":{\"@type\":\"EntryPoint\",\"urlTemplate\":\"https:\/\/preprod.ekovore.com\/?s={search_term_string}\"},\"query-input\":\"required name=search_term_string\"}],\"inLanguage\":\"en-US\"},{\"@type\":\"Organization\",\"@id\":\"https:\/\/preprod.ekovore.com\/#organization\",\"name\":\"Ekovore\",\"url\":\"https:\/\/preprod.ekovore.com\/\",\"logo\":{\"@type\":\"ImageObject\",\"inLanguage\":\"en-US\",\"@id\":\"https:\/\/preprod.ekovore.com\/#\/schema\/logo\/image\/\",\"url\":\"https:\/\/preprod.ekovore.com\/app\/uploads\/2023\/03\/cropped-LOGO-EKOVORE-GRIS-6.png\",\"contentUrl\":\"https:\/\/preprod.ekovore.com\/app\/uploads\/2023\/03\/cropped-LOGO-EKOVORE-GRIS-6.png\",\"width\":737,\"height\":164,\"caption\":\"Ekovore\"},\"image\":{\"@id\":\"https:\/\/preprod.ekovore.com\/#\/schema\/logo\/image\/\"}}]}<\/script>\n<!-- \/ Yoast SEO plugin. -->","yoast_head_json":{"title":"Legal notices - Ekovore","robots":{"index":"noindex","follow":"follow","max-snippet":"max-snippet:-1","max-image-preview":"max-image-preview:large","max-video-preview":"max-video-preview:-1"},"og_locale":"en_US","og_type":"article","og_title":"Legal notices - Ekovore","og_description":"Soci\u00e9t\u00e9 Forme juridique : SARL FALTAZIAdresse : 19, rue Sanlecque 44000 Nantes \u2013 FRANCECapital : 8000\u20acSiren : 433162930TVA Intracommunautaire : FR75 433162930T\u00e9l\u00e9phone : +33(0)2 40 89 27 88 EKOVORE est une marque de la soci\u00e9t\u00e9 FALTAZI H\u00e9bergeur Forme juridique : OVH SASAdresse : 2, rue Kellermann &#8211; 59100 RoubaixT\u00e9l\u00e9phone : +33 9 72 10 01 [&hellip;]","og_url":"https:\/\/preprod.ekovore.com\/en\/legal-notices\/","og_site_name":"Ekovore","article_modified_time":"2023-04-07T14:29:45+00:00","twitter_card":"summary_large_image","twitter_misc":{"Est. reading time":"1 minute"},"schema":{"@context":"https:\/\/schema.org","@graph":[{"@type":"WebPage","@id":"https:\/\/preprod.ekovore.com\/en\/legal-notices\/","url":"https:\/\/preprod.ekovore.com\/en\/legal-notices\/","name":"Legal notices - Ekovore","isPartOf":{"@id":"https:\/\/preprod.ekovore.com\/#website"},"datePublished":"2023-03-21T12:45:50+00:00","dateModified":"2023-04-07T14:29:45+00:00","breadcrumb":{"@id":"https:\/\/preprod.ekovore.com\/en\/legal-notices\/#breadcrumb"},"inLanguage":"en-US","potentialAction":[{"@type":"ReadAction","target":["https:\/\/preprod.ekovore.com\/en\/legal-notices\/"]}]},{"@type":"BreadcrumbList","@id":"https:\/\/preprod.ekovore.com\/en\/legal-notices\/#breadcrumb","itemListElement":[{"@type":"ListItem","position":1,"name":"Home","item":"https:\/\/preprod.ekovore.com\/en\/"},{"@type":"ListItem","position":2,"name":"Legal notices"}]},{"@type":"WebSite","@id":"https:\/\/preprod.ekovore.com\/#website","url":"https:\/\/preprod.ekovore.com\/","name":"Ekovore","description":"Les outils de la transition \u00e9cologique","publisher":{"@id":"https:\/\/preprod.ekovore.com\/#organization"},"potentialAction":[{"@type":"SearchAction","target":{"@type":"EntryPoint","urlTemplate":"https:\/\/preprod.ekovore.com\/?s={search_term_string}"},"query-input":"required name=search_term_string"}],"inLanguage":"en-US"},{"@type":"Organization","@id":"https:\/\/preprod.ekovore.com\/#organization","name":"Ekovore","url":"https:\/\/preprod.ekovore.com\/","logo":{"@type":"ImageObject","inLanguage":"en-US","@id":"https:\/\/preprod.ekovore.com\/#\/schema\/logo\/image\/","url":"https:\/\/preprod.ekovore.com\/app\/uploads\/2023\/03\/cropped-LOGO-EKOVORE-GRIS-6.png","contentUrl":"https:\/\/preprod.ekovore.com\/app\/uploads\/2023\/03\/cropped-LOGO-EKOVORE-GRIS-6.png","width":737,"height":164,"caption":"Ekovore"},"image":{"@id":"https:\/\/preprod.ekovore.com\/#\/schema\/logo\/image\/"}}]}},"_links":{"self":[{"href":"https:\/\/preprod.ekovore.com\/en\/wp-json\/wp\/v2\/pages\/1339"}],"collection":[{"href":"https:\/\/preprod.ekovore.com\/en\/wp-json\/wp\/v2\/pages"}],"about":[{"href":"https:\/\/preprod.ekovore.com\/en\/wp-json\/wp\/v2\/types\/page"}],"author":[{"embeddable":true,"href":"https:\/\/preprod.ekovore.com\/en\/wp-json\/wp\/v2\/users\/1"}],"replies":[{"embeddable":true,"href":"https:\/\/preprod.ekovore.com\/en\/wp-json\/wp\/v2\/comments?post=1339"}],"version-history":[{"count":2,"href":"https:\/\/preprod.ekovore.com\/en\/wp-json\/wp\/v2\/pages\/1339\/revisions"}],"predecessor-version":[{"id":1665,"href":"https:\/\/preprod.ekovore.com\/en\/wp-json\/wp\/v2\/pages\/1339\/revisions\/1665"}],"wp:attachment":[{"href":"https:\/\/preprod.ekovore.com\/en\/wp-json\/wp\/v2\/media?parent=1339"}],"curies":[{"name":"wp","href":"https:\/\/api.w.org\/{rel}","templated":true}]}}