{"id":1333,"date":"2023-03-21T13:44:25","date_gmt":"2023-03-21T12:44:25","guid":{"rendered":"https:\/\/preprod.ekovore.com\/rgpd\/"},"modified":"2023-04-07T16:28:51","modified_gmt":"2023-04-07T14:28:51","slug":"rgpd","status":"publish","type":"page","link":"https:\/\/preprod.ekovore.com\/en\/rgpd\/","title":{"rendered":"GDPR"},"content":{"rendered":"\n<p>Au titre du respect du R\u00e8glement Europ\u00e9en sur la Protection des Donn\u00e9es du 27 avril 2016 relatif \u00e0 la protection des personnes physiques \u00e0 l\u2019\u00e9gard du traitement des donn\u00e9es \u00e0 caract\u00e8re personnel et \u00e0 la libre circulation de ces donn\u00e9es (RGPD), FALTAZI SARL, propri\u00e9taire de EKOVORE.COM s\u2019engage \u00e0 prot\u00e9ger les donn\u00e9es personnelles des personnes concern\u00e9es.<\/p>\n\n<p>La pr\u00e9sente politique de traitement des donn\u00e9es personnelles rev\u00eat un objectif d\u2019information des utilisateurs du site FALTAZI SARL.<\/p>\n\n<p><strong>Quelles donn\u00e9es sont collect\u00e9es ?<\/strong><\/p>\n\n<p>Les donn\u00e9es susceptibles d\u2019\u00eatre trait\u00e9es sont les suivantes :<br\/>Pr\u00e9nom(s), Nom(s), Civilit\u00e9Adresse postale, Code postal, Ville, Pays<br\/>Indications de livraison telles que l\u2019\u00e9tage ou l\u2019interphoneT\u00e9l\u00e9phone fixe et\/ou mobile, adresse \u00e9lectronique<br\/>Identifiants et mots de passe en ligne<br\/>G\u00e9olocalisation<br\/>Donn\u00e9es d\u2019identification \u00e9lectronique disponibles sur vos appareils (les \u00ab cookies \u00bb ou \u00ab adresses IP \u00bb)<br\/>Donn\u00e9es d\u2019activit\u00e9 sur le site EKOVORE (actions r\u00e9alis\u00e9es, date de visite, type de pages visit\u00e9es\u2026)<\/p>\n\n<p><strong>Quand ces donn\u00e9es sont-elles susceptibles d\u2019\u00eatre collect\u00e9es ? <\/strong><\/p>\n\n<p>Les donn\u00e9es personnelles de nos utilisateurs peuvent \u00eatre collect\u00e9es :<br\/>Lors de la navigation sur notre site internet<br\/>Lors de la cr\u00e9ation d\u2019un compte sur notre site internet<br\/>Lors de la r\u00e9ponse \u00e0 un formulaire sur notre site internet<br\/>Lors de l\u2019abonnement \u00e0 notre newsletter<br\/>Lors de l\u2019acceptation de la r\u00e9ception de catalogue ou d\u2019offres commerciales<br\/>Lors de la participation \u00e0 des jeux concours sur notre propre site ou sur des sites partenaires<br\/>Lors de la demande d\u2019un devis en magasin<br\/>Lors de la commande de nos produits sur notre site internet.<\/p>\n\n<p><strong>Pourquoi ces donn\u00e9es sont-elles collect\u00e9es ? <\/strong><\/p>\n\n<p>La collecte des donn\u00e9es tient \u00e0 des raisons et n\u00e9cessit\u00e9s diverses.<\/p>\n\n<p>Elle est utile dans l\u2019objectif d\u2019assistance de nos utilisateurs : cr\u00e9ation et acc\u00e8s \u00e0 votre espace personnel en ligne, r\u00e9ponse \u00e0 vos questions, gestion de la relation commerciale pour un devis, une commande et sa livraison ou facturation, \u00e9laboration de statistiques, etc.<\/p>\n\n<p>Cette collecte peut \u00e9galement \u00eatre trait\u00e9e dans l\u2019int\u00e9r\u00eat l\u00e9gitime de FALTAZI SARL, et notamment celui de la lutte contre la fraude lors du paiement de la commande et de la gestion des impay\u00e9s.<\/p>\n\n<p>Le consentement de l\u2019utilisateur conditionne aussi la collecte de donn\u00e9es. Le consentement est n\u00e9cessaire pour l\u2019envoi d\u2019informations commerciales par adresse \u00e9lectronique ou par message mobile et pour la proposition de points de vente les plus proches de votre lieu de r\u00e9sidence notamment.<\/p>\n\n<p><strong>Qui a acc\u00e8s \u00e0 vos donn\u00e9es personnelles ? <\/strong><\/p>\n\n<p>La collecte de vos donn\u00e9es personnelles est effectu\u00e9e par FALTAZI SARL au regard des justifications explicit\u00e9es ci-dessus, et par d\u2019autres responsables de traitement conjoints.<\/p>\n\n<p>Vos donn\u00e9es personnelles peuvent \u00eatre transmises \u00e0 nos sous-traitants, pour la r\u00e9alisation des prestations lies \u00e0 vos demandes, n\u00e9cessaires \u00e0 l\u2019accomplissement des t\u00e2ches qui leur sont confi\u00e9es, telles que la livraison et le montage.<\/p>\n\n<p>Les donn\u00e9es \u00e0 caract\u00e8re personnel ne font l&#8217;objet d&#8217;aucune transmission hors de l&#8217;Union Europ\u00e9enne. Elles ne font l&#8217;objet d&#8217;aucune cession \u00e0 des tiers.<\/p>\n\n<p>Vos donn\u00e9es peuvent toutefois \u00eatre transmises aux autorit\u00e9s administratives ou aux forces de l\u2019ordre, en justification des obligations l\u00e9gales de FALTAZI SARL, notamment lors de r\u00e9quisitions judiciaires et administratives.<\/p>\n\n<p><strong>Combien de temps conservons-nous vos donn\u00e9es personnelles ? <\/strong><\/p>\n\n<p>Vos donn\u00e9es sont conserv\u00e9es le temps de l\u2019accomplissement de l\u2019objectif poursuivi par leur collecte. Elles sont ensuite archiv\u00e9es avec un acc\u00e8s restreint, pour une dur\u00e9e suppl\u00e9mentaire. Elles le sont pour des raisons strictement limit\u00e9es par la loi et pour une dur\u00e9e l\u00e9gale de conservation et de prescription.<\/p>\n\n<p>Les pi\u00e8ces justificatives telles que les bons de commande, de livraison, les factures des clients et des fournisseurs sont conserv\u00e9es 10 ans, en vertu de l\u2019obligation pos\u00e9e \u00e0 l\u2019article 123-22 du Code de commerce. Ceci implique que les donn\u00e9es personnelles contenues dans ces pi\u00e8ces justificatives fassent l\u2019objet d\u2019une conservation pendant 10 ans.<\/p>\n\n<p>Les donn\u00e9es relatives aux clients inactifs font l\u2019objet d\u2019une suppression, dans le respect du principe de limitation de la dur\u00e9e de conservation des donn\u00e9es pos\u00e9es par la CNIL, c\u2019est-\u00e0-dire de 3 ans \u00e0 compter du dernier contact avec la soci\u00e9t\u00e9. Vos donn\u00e9es seront donc automatiquement supprim\u00e9es, et notamment vous ne ferez donc plus partie de nos listes d\u2019envoi d\u2019email et de SMS apr\u00e8s 3 ans d\u2019inactivit\u00e9 sur notre site Internet.<\/p>\n\n<p><strong>Comment vos donn\u00e9es personnelles sont-elles s\u00e9curis\u00e9es ? <\/strong><\/p>\n\n<p>FALTAZI SARL s\u2019engage \u00e0 prot\u00e9ger vos donn\u00e9es personnelles gr\u00e2ce \u00e0 des mesures techniques et organisationnelles. FALTAZI SARL a nomm\u00e9 un comit\u00e9 RGPD dont la mission est de garantir la conformit\u00e9 des traitements mis en \u0153uvre et de tenir un registre pour notifier les solutions et leurs traitements.<\/p>\n\n<p><strong>Quels droits d\u00e9tenez-vous pour prot\u00e9ger vos donn\u00e9es personnelles ? <\/strong><\/p>\n\n<p>Nos utilisateurs d\u00e9tiennent des droits de gestion de leurs donn\u00e9es personnelles :<br\/>Droit d\u2019acc\u00e8s aux donn\u00e9es, et notamment d\u2019en obtenir une copie<br\/>Droit de rectification des informations inexactes<br\/>Droit \u00e0 l\u2019effacement des informations contenues dans les bases de donn\u00e9es<br\/>Droit d\u2019opposition et de retrait de consentement concernant votre apparition sur les fichiers des bases.<br\/>Droit d\u2019opposition au profilage qui supprime le ciblage des sollicitations en fonction de vos centres d\u2019int\u00e9r\u00eat.<br\/>Droit \u00e0 la portabilit\u00e9, relatif \u00e0 la transmission des donn\u00e9es personnellesDroit de saisir la CNIL (commission nationale de l\u2019informatique et des libert\u00e9s) : r\u00e9clamation possible si l\u2019on consid\u00e8re que la politique de traitement des donn\u00e9es personnelles est contraire \u00e0 la r\u00e9glementation en vigueur.<br\/>Droit \u00e0 un recours juridictionnel effectif contre l\u2019autorit\u00e9 de contr\u00f4le ou contre le responsable du traitement ou un sous-traitant : contre une d\u00e9cision juridiquement contraignante d\u2019une autorit\u00e9 de contr\u00f4le la concernant, ou contre le responsable du traitement des donn\u00e9es si l\u2019on consid\u00e8re que les droits conf\u00e9r\u00e9s par le r\u00e8glement europ\u00e9en ont \u00e9t\u00e9 viol\u00e9s par l\u2019utilisation des donn\u00e9es personnelles contraire au r\u00e8glement.<br\/>Droit \u00e0 l\u2019oubli, qui vise l\u2019acceptation d\u2019une demande de suppression des donn\u00e9es personnelles.<\/p>\n\n<p><strong>Comment exercer vos droits ? <\/strong><\/p>\n\n<p>Pour assurer l\u2019exercice de vos droits, vous pouvez \u00e0 tout moment contacter FALTAZI SARL, par courrier, \u00e0 l\u2019adresse suivante :<\/p>\n\n<p>FALTAZI SARL &#8211; Comit\u00e9 RGPD<br\/>19, rue Sanlecque 44000 Nantes<\/p>\n\n<p>T\u00e9l\u00e9phone : 02 40 89 27 88<\/p>\n\n<p>Ou par courriel \u00e0 l\u2019adresse \u00e9lectronique suivante : contact[arobase]faltazi.com<\/p>\n\n<p>Si apr\u00e8s nous avoir contact\u00e9s, vous estimez que vos droits ne sont pas respect\u00e9s, vous avez la possibilit\u00e9 d&#8217;effectuer une r\u00e9clamation aupr\u00e8s du service des plaintes de la Commission Nationale de l&#8217;Informatique et des libert\u00e9s \u00e0 : CNIL &#8211; Service des plaintes &#8211; 3 place de Fontenoy &#8211; TSA 80715 &#8211; 75334 PARIS Cedex 07, ou par Internet : https:\/\/www.cnil.fr\/fr\/plainte<\/p>\n","protected":false},"excerpt":{"rendered":"<p>Au titre du respect du R\u00e8glement Europ\u00e9en sur la Protection des Donn\u00e9es du 27 avril 2016 relatif \u00e0 la protection des personnes physiques \u00e0 l\u2019\u00e9gard du traitement des donn\u00e9es \u00e0 caract\u00e8re personnel et \u00e0 la libre circulation de ces donn\u00e9es (RGPD), FALTAZI SARL, propri\u00e9taire de EKOVORE.COM s\u2019engage \u00e0 prot\u00e9ger les donn\u00e9es personnelles des personnes concern\u00e9es. [&hellip;]<\/p>\n","protected":false},"author":1,"featured_media":0,"parent":0,"menu_order":0,"comment_status":"closed","ping_status":"closed","template":"","meta":{"_eb_attr":""},"yoast_head":"<!-- This site is optimized with the Yoast SEO plugin v20.4 - https:\/\/yoast.com\/wordpress\/plugins\/seo\/ -->\n<title>GDPR - Ekovore<\/title>\n<meta name=\"robots\" content=\"noindex, follow, max-snippet:-1, max-image-preview:large, max-video-preview:-1\" \/>\n<meta property=\"og:locale\" content=\"en_US\" \/>\n<meta property=\"og:type\" content=\"article\" \/>\n<meta property=\"og:title\" content=\"GDPR - Ekovore\" \/>\n<meta property=\"og:description\" content=\"Au titre du respect du R\u00e8glement Europ\u00e9en sur la Protection des Donn\u00e9es du 27 avril 2016 relatif \u00e0 la protection des personnes physiques \u00e0 l\u2019\u00e9gard du traitement des donn\u00e9es \u00e0 caract\u00e8re personnel et \u00e0 la libre circulation de ces donn\u00e9es (RGPD), FALTAZI SARL, propri\u00e9taire de EKOVORE.COM s\u2019engage \u00e0 prot\u00e9ger les donn\u00e9es personnelles des personnes concern\u00e9es. [&hellip;]\" \/>\n<meta property=\"og:url\" content=\"https:\/\/preprod.ekovore.com\/en\/rgpd\/\" \/>\n<meta property=\"og:site_name\" content=\"Ekovore\" \/>\n<meta property=\"article:modified_time\" content=\"2023-04-07T14:28:51+00:00\" \/>\n<meta name=\"twitter:card\" content=\"summary_large_image\" \/>\n<script type=\"application\/ld+json\" class=\"yoast-schema-graph\">{\"@context\":\"https:\/\/schema.org\",\"@graph\":[{\"@type\":\"WebPage\",\"@id\":\"https:\/\/preprod.ekovore.com\/en\/rgpd\/\",\"url\":\"https:\/\/preprod.ekovore.com\/en\/rgpd\/\",\"name\":\"GDPR - Ekovore\",\"isPartOf\":{\"@id\":\"https:\/\/preprod.ekovore.com\/#website\"},\"datePublished\":\"2023-03-21T12:44:25+00:00\",\"dateModified\":\"2023-04-07T14:28:51+00:00\",\"breadcrumb\":{\"@id\":\"https:\/\/preprod.ekovore.com\/en\/rgpd\/#breadcrumb\"},\"inLanguage\":\"en-US\",\"potentialAction\":[{\"@type\":\"ReadAction\",\"target\":[\"https:\/\/preprod.ekovore.com\/en\/rgpd\/\"]}]},{\"@type\":\"BreadcrumbList\",\"@id\":\"https:\/\/preprod.ekovore.com\/en\/rgpd\/#breadcrumb\",\"itemListElement\":[{\"@type\":\"ListItem\",\"position\":1,\"name\":\"Home\",\"item\":\"https:\/\/preprod.ekovore.com\/en\/\"},{\"@type\":\"ListItem\",\"position\":2,\"name\":\"GDPR\"}]},{\"@type\":\"WebSite\",\"@id\":\"https:\/\/preprod.ekovore.com\/#website\",\"url\":\"https:\/\/preprod.ekovore.com\/\",\"name\":\"Ekovore\",\"description\":\"Les outils de la transition \u00e9cologique\",\"publisher\":{\"@id\":\"https:\/\/preprod.ekovore.com\/#organization\"},\"potentialAction\":[{\"@type\":\"SearchAction\",\"target\":{\"@type\":\"EntryPoint\",\"urlTemplate\":\"https:\/\/preprod.ekovore.com\/?s={search_term_string}\"},\"query-input\":\"required name=search_term_string\"}],\"inLanguage\":\"en-US\"},{\"@type\":\"Organization\",\"@id\":\"https:\/\/preprod.ekovore.com\/#organization\",\"name\":\"Ekovore\",\"url\":\"https:\/\/preprod.ekovore.com\/\",\"logo\":{\"@type\":\"ImageObject\",\"inLanguage\":\"en-US\",\"@id\":\"https:\/\/preprod.ekovore.com\/#\/schema\/logo\/image\/\",\"url\":\"https:\/\/preprod.ekovore.com\/app\/uploads\/2023\/03\/cropped-LOGO-EKOVORE-GRIS-6.png\",\"contentUrl\":\"https:\/\/preprod.ekovore.com\/app\/uploads\/2023\/03\/cropped-LOGO-EKOVORE-GRIS-6.png\",\"width\":737,\"height\":164,\"caption\":\"Ekovore\"},\"image\":{\"@id\":\"https:\/\/preprod.ekovore.com\/#\/schema\/logo\/image\/\"}}]}<\/script>\n<!-- \/ Yoast SEO plugin. -->","yoast_head_json":{"title":"GDPR - Ekovore","robots":{"index":"noindex","follow":"follow","max-snippet":"max-snippet:-1","max-image-preview":"max-image-preview:large","max-video-preview":"max-video-preview:-1"},"og_locale":"en_US","og_type":"article","og_title":"GDPR - Ekovore","og_description":"Au titre du respect du R\u00e8glement Europ\u00e9en sur la Protection des Donn\u00e9es du 27 avril 2016 relatif \u00e0 la protection des personnes physiques \u00e0 l\u2019\u00e9gard du traitement des donn\u00e9es \u00e0 caract\u00e8re personnel et \u00e0 la libre circulation de ces donn\u00e9es (RGPD), FALTAZI SARL, propri\u00e9taire de EKOVORE.COM s\u2019engage \u00e0 prot\u00e9ger les donn\u00e9es personnelles des personnes concern\u00e9es. [&hellip;]","og_url":"https:\/\/preprod.ekovore.com\/en\/rgpd\/","og_site_name":"Ekovore","article_modified_time":"2023-04-07T14:28:51+00:00","twitter_card":"summary_large_image","schema":{"@context":"https:\/\/schema.org","@graph":[{"@type":"WebPage","@id":"https:\/\/preprod.ekovore.com\/en\/rgpd\/","url":"https:\/\/preprod.ekovore.com\/en\/rgpd\/","name":"GDPR - Ekovore","isPartOf":{"@id":"https:\/\/preprod.ekovore.com\/#website"},"datePublished":"2023-03-21T12:44:25+00:00","dateModified":"2023-04-07T14:28:51+00:00","breadcrumb":{"@id":"https:\/\/preprod.ekovore.com\/en\/rgpd\/#breadcrumb"},"inLanguage":"en-US","potentialAction":[{"@type":"ReadAction","target":["https:\/\/preprod.ekovore.com\/en\/rgpd\/"]}]},{"@type":"BreadcrumbList","@id":"https:\/\/preprod.ekovore.com\/en\/rgpd\/#breadcrumb","itemListElement":[{"@type":"ListItem","position":1,"name":"Home","item":"https:\/\/preprod.ekovore.com\/en\/"},{"@type":"ListItem","position":2,"name":"GDPR"}]},{"@type":"WebSite","@id":"https:\/\/preprod.ekovore.com\/#website","url":"https:\/\/preprod.ekovore.com\/","name":"Ekovore","description":"Les outils de la transition \u00e9cologique","publisher":{"@id":"https:\/\/preprod.ekovore.com\/#organization"},"potentialAction":[{"@type":"SearchAction","target":{"@type":"EntryPoint","urlTemplate":"https:\/\/preprod.ekovore.com\/?s={search_term_string}"},"query-input":"required name=search_term_string"}],"inLanguage":"en-US"},{"@type":"Organization","@id":"https:\/\/preprod.ekovore.com\/#organization","name":"Ekovore","url":"https:\/\/preprod.ekovore.com\/","logo":{"@type":"ImageObject","inLanguage":"en-US","@id":"https:\/\/preprod.ekovore.com\/#\/schema\/logo\/image\/","url":"https:\/\/preprod.ekovore.com\/app\/uploads\/2023\/03\/cropped-LOGO-EKOVORE-GRIS-6.png","contentUrl":"https:\/\/preprod.ekovore.com\/app\/uploads\/2023\/03\/cropped-LOGO-EKOVORE-GRIS-6.png","width":737,"height":164,"caption":"Ekovore"},"image":{"@id":"https:\/\/preprod.ekovore.com\/#\/schema\/logo\/image\/"}}]}},"_links":{"self":[{"href":"https:\/\/preprod.ekovore.com\/en\/wp-json\/wp\/v2\/pages\/1333"}],"collection":[{"href":"https:\/\/preprod.ekovore.com\/en\/wp-json\/wp\/v2\/pages"}],"about":[{"href":"https:\/\/preprod.ekovore.com\/en\/wp-json\/wp\/v2\/types\/page"}],"author":[{"embeddable":true,"href":"https:\/\/preprod.ekovore.com\/en\/wp-json\/wp\/v2\/users\/1"}],"replies":[{"embeddable":true,"href":"https:\/\/preprod.ekovore.com\/en\/wp-json\/wp\/v2\/comments?post=1333"}],"version-history":[{"count":3,"href":"https:\/\/preprod.ekovore.com\/en\/wp-json\/wp\/v2\/pages\/1333\/revisions"}],"predecessor-version":[{"id":1663,"href":"https:\/\/preprod.ekovore.com\/en\/wp-json\/wp\/v2\/pages\/1333\/revisions\/1663"}],"wp:attachment":[{"href":"https:\/\/preprod.ekovore.com\/en\/wp-json\/wp\/v2\/media?parent=1333"}],"curies":[{"name":"wp","href":"https:\/\/api.w.org\/{rel}","templated":true}]}}